{"id":42,"date":"2025-07-01T14:45:38","date_gmt":"2025-07-01T17:45:38","guid":{"rendered":"https:\/\/clientes.somos18.com.br\/circuitonacionaldocafe\/?page_id=42"},"modified":"2025-09-26T23:10:39","modified_gmt":"2025-09-27T02:10:39","slug":"pagina-inicial","status":"publish","type":"page","link":"https:\/\/clientes.somos18.com.br\/circuitonacionaldocafe\/","title":{"rendered":"P\u00e1gina inicial"},"content":{"rendered":"","protected":false},"excerpt":{"rendered":"","protected":false},"author":1,"featured_media":0,"parent":0,"menu_order":0,"comment_status":"closed","ping_status":"closed","template":"","meta":{"_acf_changed":false,"inline_featured_image":false,"footnotes":""},"class_list":["post-42","page","type-page","status-publish","hentry"],"acf":{"banner_principal":[{"titulo_do_banner":"Descubra a tradi\u00e7\u00e3o, o sabor e a cultura do caf\u00e9.","background_desktop":"https:\/\/clientes.somos18.com.br\/circuitonacionaldocafe\/wp-content\/uploads\/sites\/3\/2025\/07\/background-home.webp","background_mobile":"https:\/\/clientes.somos18.com.br\/circuitonacionaldocafe\/wp-content\/uploads\/sites\/3\/2025\/07\/background-home.webp","logo_do_banner":"https:\/\/clientes.somos18.com.br\/circuitonacionaldocafe\/wp-content\/uploads\/sites\/3\/2025\/07\/Vector-Smart-Object.webp","link_do_banner":""},{"titulo_do_banner":"Siga o caminho do sabor.","background_desktop":"https:\/\/clientes.somos18.com.br\/circuitonacionaldocafe\/wp-content\/uploads\/sites\/3\/2025\/05\/carro-rural.webp","background_mobile":"https:\/\/clientes.somos18.com.br\/circuitonacionaldocafe\/wp-content\/uploads\/sites\/3\/2025\/05\/carro-rural.webp","logo_do_banner":"https:\/\/clientes.somos18.com.br\/circuitonacionaldocafe\/wp-content\/uploads\/sites\/3\/2025\/05\/selo.svg","link_do_banner":""},{"titulo_do_banner":"Fa\u00e7a parte do Circuito Nacional do Caf\u00e9","background_desktop":"https:\/\/clientes.somos18.com.br\/circuitonacionaldocafe\/wp-content\/uploads\/sites\/3\/2025\/08\/background-mapa-chao.webp","background_mobile":"https:\/\/clientes.somos18.com.br\/circuitonacionaldocafe\/wp-content\/uploads\/sites\/3\/2025\/08\/background-mapa-chao.webp","logo_do_banner":"https:\/\/clientes.somos18.com.br\/circuitonacionaldocafe\/wp-content\/uploads\/sites\/3\/2025\/07\/Vector-Smart-Object.webp","link_do_banner":"https:\/\/clientes.somos18.com.br\/circuitonacionaldocafe\/cadastro\/"}]},"_links":{"self":[{"href":"https:\/\/clientes.somos18.com.br\/circuitonacionaldocafe\/wp-json\/wp\/v2\/pages\/42","targetHints":{"allow":["GET"]}}],"collection":[{"href":"https:\/\/clientes.somos18.com.br\/circuitonacionaldocafe\/wp-json\/wp\/v2\/pages"}],"about":[{"href":"https:\/\/clientes.somos18.com.br\/circuitonacionaldocafe\/wp-json\/wp\/v2\/types\/page"}],"author":[{"embeddable":true,"href":"https:\/\/clientes.somos18.com.br\/circuitonacionaldocafe\/wp-json\/wp\/v2\/users\/1"}],"replies":[{"embeddable":true,"href":"https:\/\/clientes.somos18.com.br\/circuitonacionaldocafe\/wp-json\/wp\/v2\/comments?post=42"}],"version-history":[{"count":11,"href":"https:\/\/clientes.somos18.com.br\/circuitonacionaldocafe\/wp-json\/wp\/v2\/pages\/42\/revisions"}],"predecessor-version":[{"id":383,"href":"https:\/\/clientes.somos18.com.br\/circuitonacionaldocafe\/wp-json\/wp\/v2\/pages\/42\/revisions\/383"}],"wp:attachment":[{"href":"https:\/\/clientes.somos18.com.br\/circuitonacionaldocafe\/wp-json\/wp\/v2\/media?parent=42"}],"curies":[{"name":"wp","href":"https:\/\/api.w.org\/{rel}","templated":true}]}}